{"id":42,"date":"2025-07-15T21:29:01","date_gmt":"2025-07-15T19:29:01","guid":{"rendered":"https:\/\/rodrelaks.kutno.pl\/?page_id=42"},"modified":"2025-07-15T22:25:03","modified_gmt":"2025-07-15T20:25:03","slug":"oplaty","status":"publish","type":"page","link":"https:\/\/rodrelaks.kutno.pl\/?page_id=42","title":{"rendered":"Op\u0142aty"},"content":{"rendered":"\n<p class=\"has-medium-font-size\"><strong>Poni\u017cej przedstawiamy stawki op\u0142at ogrodowych obowi\u0105zuj\u0105cych w roku 2025<\/strong><\/p>\n\n\n\n<p class=\"is-style-text-annotation has-medium-font-size\"><strong>0,15 z\u0142 \/ m2 dzia\u0142ki&nbsp;&nbsp;\u2013 wysoko\u015b\u0107 partycypacji w 2025r.&nbsp;<\/strong>&#8211;&nbsp;&nbsp;Uchwa\u0142a nr 4\/II\/2025 KR PZD&nbsp;<em>w sprawie okre\u015blenia zasad&nbsp; partycypacji ROD w&nbsp; finansowaniu koszt\u00f3w&nbsp; ponoszonych przez PZD w zwi\u0105zku z dzia\u0142alno\u015bci\u0105 jednostki krajowej i jednostek&nbsp; terenowych na rzecz rodzinnych ogrod\u00f3w dzia\u0142kowych w 2025r<\/em>.<\/p>\n\n\n\n<p class=\"is-style-text-annotation has-medium-font-size\"><strong>10,00 z\u0142 \u2013 wysoko\u015b\u0107 sk\u0142adki cz\u0142onkowskiej w 2025r. &#8211;&nbsp;<\/strong>Uchwa\u0142a nr 5\/II\/2025 KR PZD&nbsp;<em>w sprawie wysoko\u015bci i podzia\u0142u sk\u0142adki cz\u0142onkowskiej w PZD w 2025r<\/em>.<\/p>\n\n\n\n<p class=\"is-style-text-annotation has-medium-font-size\"><strong>27,00 z\u0142 \/ dzia\u0142ka \u2013 obs\u0142uga ksi\u0119gowa ROD przez OFK \u2013<\/strong>&nbsp;Uchwa\u0142a nr 264\/2023 OZ\u0141 PZD w sprawie wysoko\u015bci op\u0142aty na pokrycie koszt\u00f3w funkcjonowania OFK powo\u0142anych w Okr\u0119gu \u0141\u00f3dzkim PZD.<\/p>\n\n\n\n<p class=\"is-style-text-annotation has-medium-font-size\"><strong>1,10 z\u0142 \/ m2 dzia\u0142ki&nbsp;<\/strong>&nbsp;\u2013 op\u0142ata ogrodowa przeznaczona na pokrycie koszt\u00f3w dzia\u0142alno\u015bci statutowej&nbsp;&nbsp;i administracyjnej<\/p>\n\n\n\n<p class=\"has-text-align-left is-style-text-annotation has-medium-font-size\"><strong>70,00 z\u0142 \/ dzia\u0142ka&nbsp;<\/strong>\u2013 op\u0142ata za wyw\u00f3z odpad\u00f3w komunalnych z terenu ROD                                                                 <\/p>\n\n\n\n<p class=\"has-text-align-center is-style-text-annotation has-medium-font-size\"><strong>Op\u0142ata wodna od dzia\u0142ki pod\u0142\u0105czonej do sieci wodnej (2025r.)<\/strong><br>Teren I ROD (<strong>dzia\u0142ki od nr 1 do 81)&nbsp;<\/strong>&#8211;&nbsp;<strong>15,40 z\u0142<\/strong><br>Teren II\/Przy Torze&nbsp;<strong>(dzia\u0142ki od nr 82 do 118 i od nr 140-155)&nbsp;&#8211;&nbsp;13,35 z\u0142<\/strong><br>Teren W-wskie Przedmie\u015bcie&nbsp;<strong>(dzia\u0142ki od nr 119 do 139) &#8211;&nbsp;25,94 z\u0142<\/strong><br><\/p>\n\n\n\n<p class=\"has-text-align-center\"><strong>P\u0141ATNE DO 30 CZERWCA 2025 r.<\/strong><\/p>\n\n\n\n<p class=\"has-text-align-center is-style-text-annotation has-medium-font-size\">NUMER KONTA BANKOWEGO ROD RELAKS<br><strong>78 9021 0008 0000 3610 2000 0005<\/strong><\/p>\n\n\n\n<p class=\"has-text-align-left is-style-default\">w tytule przelewu zamieszczamy<br>Imi\u0119 i Nazwisko, numer dzia\u0142ki oraz opis: op\u0142aty ogrodowe za 2025r.<\/p>\n\n\n\n<p><\/p>\n","protected":false},"excerpt":{"rendered":"<p>Poni\u017cej przedstawiamy stawki op\u0142at ogrodowych obowi\u0105zuj\u0105cych w roku 2025 0,15 z\u0142 \/ m2 dzia\u0142ki&nbsp;&nbsp;\u2013 wysoko\u015b\u0107 partycypacji w 2025r.&nbsp;&#8211;&nbsp;&nbsp;Uchwa\u0142a nr 4\/II\/2025 KR PZD&nbsp;w sprawie okre\u015blenia zasad&nbsp; partycypacji ROD w&nbsp; finansowaniu koszt\u00f3w&nbsp; ponoszonych przez PZD w zwi\u0105zku z dzia\u0142alno\u015bci\u0105 jednostki krajowej i jednostek&nbsp; terenowych na rzecz rodzinnych ogrod\u00f3w dzia\u0142kowych w 2025r. 10,00 z\u0142 \u2013 wysoko\u015b\u0107 sk\u0142adki cz\u0142onkowskiej [&hellip;]<\/p>\n","protected":false},"author":1,"featured_media":0,"parent":0,"menu_order":0,"comment_status":"closed","ping_status":"closed","template":"","meta":{"footnotes":""},"class_list":["post-42","page","type-page","status-publish","hentry"],"_links":{"self":[{"href":"https:\/\/rodrelaks.kutno.pl\/index.php?rest_route=\/wp\/v2\/pages\/42","targetHints":{"allow":["GET"]}}],"collection":[{"href":"https:\/\/rodrelaks.kutno.pl\/index.php?rest_route=\/wp\/v2\/pages"}],"about":[{"href":"https:\/\/rodrelaks.kutno.pl\/index.php?rest_route=\/wp\/v2\/types\/page"}],"author":[{"embeddable":true,"href":"https:\/\/rodrelaks.kutno.pl\/index.php?rest_route=\/wp\/v2\/users\/1"}],"replies":[{"embeddable":true,"href":"https:\/\/rodrelaks.kutno.pl\/index.php?rest_route=%2Fwp%2Fv2%2Fcomments&post=42"}],"version-history":[{"count":4,"href":"https:\/\/rodrelaks.kutno.pl\/index.php?rest_route=\/wp\/v2\/pages\/42\/revisions"}],"predecessor-version":[{"id":66,"href":"https:\/\/rodrelaks.kutno.pl\/index.php?rest_route=\/wp\/v2\/pages\/42\/revisions\/66"}],"wp:attachment":[{"href":"https:\/\/rodrelaks.kutno.pl\/index.php?rest_route=%2Fwp%2Fv2%2Fmedia&parent=42"}],"curies":[{"name":"wp","href":"https:\/\/api.w.org\/{rel}","templated":true}]}}