{"id":40,"date":"2025-07-15T21:22:03","date_gmt":"2025-07-15T19:22:03","guid":{"rendered":"https:\/\/rodrelaks.kutno.pl\/?page_id=40"},"modified":"2025-07-16T11:11:35","modified_gmt":"2025-07-16T09:11:35","slug":"odpady","status":"publish","type":"page","link":"https:\/\/rodrelaks.kutno.pl\/?page_id=40","title":{"rendered":"Odpady"},"content":{"rendered":"\n<h3 class=\"wp-block-heading is-style-text-annotation\">Ustawa o utrzymaniu czysto\u015bci i porz\u0105dku w gminach nie przewiduje rozwi\u0105zania, w kt\u00f3rym w\u0142a\u015bciciel, u\u017cytkownik wieczysty itd. danej nieruchomo\u015bci mo\u017ce zrezygnowa\u0107 z wywozu odpad\u00f3w komunalnych.<br>Dotyczy to r\u00f3wnie\u017c PZD \u2013 zarz\u0105d\u00f3w ROD, kt\u00f3re musz\u0105 sk\u0142ada\u0107 do urz\u0119d\u00f3w miast lub gmin deklaracj\u0119 op\u0142aty za gospodarowanie odpadami komunalnymi albo podpisa\u0107 umow\u0119 na wyw\u00f3z odpad\u00f3w i na ich podstawie uiszcza\u0107 op\u0142aty za wyw\u00f3z \u015bmieci.<\/h3>\n\n\n\n<p class=\"is-style-text-annotation\">Zgodnie z ustaw\u0105 o rodzinnych ogrodach dzia\u0142kowych (art. 33 ust.1) ka\u017cdy dzia\u0142kowiec jest zobowi\u0105zany uczestniczy\u0107 w pokrywaniu koszt\u00f3w funkcjonowania ROD w cz\u0119\u015bciach przypadaj\u0105cych na jego dzia\u0142k\u0119, przez uiszczanie op\u0142at ogrodowych. Na koszty funkcjonowania ROD sk\u0142adaj\u0105 si\u0119 w szczeg\u00f3lno\u015bci wydatki na utrzymanie czysto\u015bci na terenie ROD, do kt\u00f3rych zalicza si\u0119 op\u0142ata za \u015bmieci.<\/p>\n\n\n\n<p><a href=\"https:\/\/rodrelaks.kutno.pl\/?p=84\" data-type=\"post\" data-id=\"84\">Harmonogram wywozu odpad\u00f3w komunalnych &#8211; 2025<\/a><\/p>\n\n\n\n<p><a href=\"https:\/\/rodrelakskutno.blogspot.com\/2024\/05\/harmonogram-wywozu-odpadow-komunalnych.html\">Harmonogram wywozu odpad\u00f3w komunalnych &#8211; 2024<\/a><\/p>\n\n\n\n<p><a href=\"https:\/\/rodrelakskutno.blogspot.com\/2023\/05\/harmonogram-wywozu-odpadow-komunalnych.html\">Harmonogram wywozu odpad\u00f3w komunalnych &#8211; 2023<\/a><\/p>\n\n\n\n<p><a href=\"https:\/\/rodrelakskutno.blogspot.com\/2023\/09\/komunikat-przyczepa-na-bio-odpady.html\">Przyczepa na odpady BIO<\/a><\/p>\n\n\n\n<p><a href=\"https:\/\/rodrelakskutno.blogspot.com\/2024\/09\/wywoz-odpadow-bio-teren-i-i-ii-oraz-w.html\">Odpady BIO &#8211; Harmonogram 2024 &#8211; Teren I,II i W-wskie Przedmie\u015bcie<\/a><\/p>\n\n\n\n<p><a href=\"https:\/\/rodrelakskutno.blogspot.com\/2024\/09\/wywoz-odpadow-bio-teren-przy-torze.html\">Odpady BIO &#8211; Harmonogram 2024 &#8211; Teren Przy Torze<\/a><\/p>\n\n\n\n<p><a href=\"https:\/\/rodrelakskutno.blogspot.com\/2023\/09\/komunikat-przyczepa-na-odpady-bio.html\">Odpady BIO &#8211; Harmonogram 2023<\/a><\/p>\n\n\n\n<p><\/p>\n","protected":false},"excerpt":{"rendered":"<p>Ustawa o utrzymaniu czysto\u015bci i porz\u0105dku w gminach nie przewiduje rozwi\u0105zania, w kt\u00f3rym w\u0142a\u015bciciel, u\u017cytkownik wieczysty itd. danej nieruchomo\u015bci mo\u017ce zrezygnowa\u0107 z wywozu odpad\u00f3w komunalnych.Dotyczy to r\u00f3wnie\u017c PZD \u2013 zarz\u0105d\u00f3w ROD, kt\u00f3re musz\u0105 sk\u0142ada\u0107 do urz\u0119d\u00f3w miast lub gmin deklaracj\u0119 op\u0142aty za gospodarowanie odpadami komunalnymi albo podpisa\u0107 umow\u0119 na wyw\u00f3z odpad\u00f3w i na ich podstawie [&hellip;]<\/p>\n","protected":false},"author":1,"featured_media":0,"parent":0,"menu_order":0,"comment_status":"closed","ping_status":"closed","template":"","meta":{"footnotes":""},"class_list":["post-40","page","type-page","status-publish","hentry"],"_links":{"self":[{"href":"https:\/\/rodrelaks.kutno.pl\/index.php?rest_route=\/wp\/v2\/pages\/40","targetHints":{"allow":["GET"]}}],"collection":[{"href":"https:\/\/rodrelaks.kutno.pl\/index.php?rest_route=\/wp\/v2\/pages"}],"about":[{"href":"https:\/\/rodrelaks.kutno.pl\/index.php?rest_route=\/wp\/v2\/types\/page"}],"author":[{"embeddable":true,"href":"https:\/\/rodrelaks.kutno.pl\/index.php?rest_route=\/wp\/v2\/users\/1"}],"replies":[{"embeddable":true,"href":"https:\/\/rodrelaks.kutno.pl\/index.php?rest_route=%2Fwp%2Fv2%2Fcomments&post=40"}],"version-history":[{"count":4,"href":"https:\/\/rodrelaks.kutno.pl\/index.php?rest_route=\/wp\/v2\/pages\/40\/revisions"}],"predecessor-version":[{"id":97,"href":"https:\/\/rodrelaks.kutno.pl\/index.php?rest_route=\/wp\/v2\/pages\/40\/revisions\/97"}],"wp:attachment":[{"href":"https:\/\/rodrelaks.kutno.pl\/index.php?rest_route=%2Fwp%2Fv2%2Fmedia&parent=40"}],"curies":[{"name":"wp","href":"https:\/\/api.w.org\/{rel}","templated":true}]}}