{"id":117,"date":"2025-07-16T11:43:48","date_gmt":"2025-07-16T09:43:48","guid":{"rendered":"https:\/\/rodrelaks.kutno.pl\/?page_id=117"},"modified":"2026-02-24T16:00:26","modified_gmt":"2026-02-24T14:00:26","slug":"porady","status":"publish","type":"page","link":"https:\/\/rodrelaks.kutno.pl\/?page_id=117","title":{"rendered":"Porady"},"content":{"rendered":"\n<p><a href=\"https:\/\/rodrelakskutno.blogspot.com\/p\/altana-ogrodowa.html\">Altana<\/a><\/p>\n\n\n\n<p><a href=\"https:\/\/rodrelakskutno.blogspot.com\/p\/kompetencje-zarzadu-rod.html\">Kompetencje zarz\u0105du ROD<\/a><\/p>\n\n\n\n<p><a href=\"https:\/\/rodrelakskutno.blogspot.com\/p\/kompostownik.html\">Kompostownik<\/a><\/p>\n\n\n\n<p><a href=\"https:\/\/rodrelakskutno.blogspot.com\/p\/mielenie-gaezi.html\">Mielenie ga\u0142\u0119zi<\/a><\/p>\n\n\n\n<p><a href=\"https:\/\/rodrelakskutno.blogspot.com\/p\/nowy-dziakowiec.html\">Nowy dzia\u0142kowiec<\/a><\/p>\n\n\n\n<p><a href=\"https:\/\/rodrelakskutno.blogspot.com\/p\/sprawy-porzadkowe.html\">Sprawy porz\u0105dkowe<\/a><\/p>\n\n\n\n<p><a href=\"https:\/\/rodrelakskutno.blogspot.com\/p\/woda.html\">Woda<\/a><\/p>\n\n\n\n<p><a href=\"https:\/\/rodrelakskutno.blogspot.com\/p\/nieuregulowane-opaty-ogrodowe.html\">Nieuregulowane op\u0142aty ogrodowe<\/a><\/p>\n\n\n\n<p><a href=\"https:\/\/rodrelakskutno.blogspot.com\/p\/partycypacja-w-kosztach-budowyremontu.html\">Partycypacja w kosztach budowy\/remontu infrastruktury ogrodowej<\/a><\/p>\n\n\n\n<p><a href=\"https:\/\/rodrelakskutno.blogspot.com\/p\/zzy-mozna-uzyskac-zwolnienie-z-opat-za.html\">Czy mo\u017cna uzyska\u0107 zwolnienie z op\u0142at za \u015bmieci w ROD<\/a>&nbsp;<\/p>\n\n\n\n<p><a href=\"https:\/\/rodrelakskutno.blogspot.com\/p\/wjazd-pojazdami-mechanicznymi-na-teren.html\">Wjazd pojazdami mechanicznymi na teren ROD<\/a>&nbsp;<\/p>\n","protected":false},"excerpt":{"rendered":"<p>Altana Kompetencje zarz\u0105du ROD Kompostownik Mielenie ga\u0142\u0119zi Nowy dzia\u0142kowiec Sprawy porz\u0105dkowe Woda Nieuregulowane op\u0142aty ogrodowe Partycypacja w kosztach budowy\/remontu infrastruktury ogrodowej Czy mo\u017cna uzyska\u0107 zwolnienie z op\u0142at za \u015bmieci w ROD&nbsp; Wjazd pojazdami mechanicznymi na teren ROD&nbsp;<\/p>\n","protected":false},"author":1,"featured_media":0,"parent":0,"menu_order":0,"comment_status":"closed","ping_status":"closed","template":"","meta":{"footnotes":""},"class_list":["post-117","page","type-page","status-publish","hentry"],"_links":{"self":[{"href":"https:\/\/rodrelaks.kutno.pl\/index.php?rest_route=\/wp\/v2\/pages\/117","targetHints":{"allow":["GET"]}}],"collection":[{"href":"https:\/\/rodrelaks.kutno.pl\/index.php?rest_route=\/wp\/v2\/pages"}],"about":[{"href":"https:\/\/rodrelaks.kutno.pl\/index.php?rest_route=\/wp\/v2\/types\/page"}],"author":[{"embeddable":true,"href":"https:\/\/rodrelaks.kutno.pl\/index.php?rest_route=\/wp\/v2\/users\/1"}],"replies":[{"embeddable":true,"href":"https:\/\/rodrelaks.kutno.pl\/index.php?rest_route=%2Fwp%2Fv2%2Fcomments&post=117"}],"version-history":[{"count":2,"href":"https:\/\/rodrelaks.kutno.pl\/index.php?rest_route=\/wp\/v2\/pages\/117\/revisions"}],"predecessor-version":[{"id":181,"href":"https:\/\/rodrelaks.kutno.pl\/index.php?rest_route=\/wp\/v2\/pages\/117\/revisions\/181"}],"wp:attachment":[{"href":"https:\/\/rodrelaks.kutno.pl\/index.php?rest_route=%2Fwp%2Fv2%2Fmedia&parent=117"}],"curies":[{"name":"wp","href":"https:\/\/api.w.org\/{rel}","templated":true}]}}