{"id":112,"date":"2025-07-16T11:42:25","date_gmt":"2025-07-16T09:42:25","guid":{"rendered":"https:\/\/rodrelaks.kutno.pl\/?page_id=112"},"modified":"2026-02-24T16:23:45","modified_gmt":"2026-02-24T14:23:45","slug":"dokumenty-rod","status":"publish","type":"page","link":"https:\/\/rodrelaks.kutno.pl\/?page_id=112","title":{"rendered":"Dokumenty ROD"},"content":{"rendered":"\n<p><a href=\"https:\/\/drive.google.com\/file\/d\/1nq6zVhVLH63snoHLfyjbXgHVf4dFEa4X\/view?usp=sharing\" target=\"_blank\" rel=\"noreferrer noopener\">Regulamin ROD<\/a><\/p>\n\n\n\n<p><a href=\"https:\/\/drive.google.com\/file\/d\/1aT9I4fMtShJyCTxcAyGNw2hZaQD6skvu\/view?usp=sharing\" target=\"_blank\" rel=\"noreferrer noopener\">Regulamin &#8211; sie\u0107 wodoci\u0105gowa<\/a><\/p>\n\n\n\n<p><a href=\"https:\/\/drive.google.com\/file\/d\/1XU1p2ScjiQ7f1eHTjHtMAySBSDkqDmX2\/view?usp=sharing\" target=\"_blank\" rel=\"noreferrer noopener\">Broszura Informacyjna dla Dzia\u0142kowc\u00f3w ROD &#8222;RELAKS&#8221; na rok 2024<\/a><\/p>\n","protected":false},"excerpt":{"rendered":"<p>Regulamin ROD Regulamin &#8211; sie\u0107 wodoci\u0105gowa Broszura Informacyjna dla Dzia\u0142kowc\u00f3w ROD &#8222;RELAKS&#8221; na rok 2024<\/p>\n","protected":false},"author":1,"featured_media":0,"parent":0,"menu_order":0,"comment_status":"closed","ping_status":"closed","template":"","meta":{"footnotes":""},"class_list":["post-112","page","type-page","status-publish","hentry"],"_links":{"self":[{"href":"https:\/\/rodrelaks.kutno.pl\/index.php?rest_route=\/wp\/v2\/pages\/112","targetHints":{"allow":["GET"]}}],"collection":[{"href":"https:\/\/rodrelaks.kutno.pl\/index.php?rest_route=\/wp\/v2\/pages"}],"about":[{"href":"https:\/\/rodrelaks.kutno.pl\/index.php?rest_route=\/wp\/v2\/types\/page"}],"author":[{"embeddable":true,"href":"https:\/\/rodrelaks.kutno.pl\/index.php?rest_route=\/wp\/v2\/users\/1"}],"replies":[{"embeddable":true,"href":"https:\/\/rodrelaks.kutno.pl\/index.php?rest_route=%2Fwp%2Fv2%2Fcomments&post=112"}],"version-history":[{"count":2,"href":"https:\/\/rodrelaks.kutno.pl\/index.php?rest_route=\/wp\/v2\/pages\/112\/revisions"}],"predecessor-version":[{"id":187,"href":"https:\/\/rodrelaks.kutno.pl\/index.php?rest_route=\/wp\/v2\/pages\/112\/revisions\/187"}],"wp:attachment":[{"href":"https:\/\/rodrelaks.kutno.pl\/index.php?rest_route=%2Fwp%2Fv2%2Fmedia&parent=112"}],"curies":[{"name":"wp","href":"https:\/\/api.w.org\/{rel}","templated":true}]}}